{"id":2457,"date":"2023-11-28T20:55:52","date_gmt":"2023-11-28T20:55:52","guid":{"rendered":"https:\/\/ldbentertainment.net\/?page_id=2457"},"modified":"2023-12-15T19:20:52","modified_gmt":"2023-12-15T19:20:52","slug":"politica-de-privacidad","status":"publish","type":"page","link":"https:\/\/ldbentertainment.net\/index.php\/politica-de-privacidad\/","title":{"rendered":"Pol\u00edtica de Privacidad"},"content":{"rendered":"\t\t<div data-elementor-type=\"wp-page\" data-elementor-id=\"2457\" class=\"elementor elementor-2457\" data-elementor-post-type=\"page\">\n\t\t\t\t\t\t<section class=\"elementor-section elementor-top-section elementor-element elementor-element-1d9d95c2 elementor-section-height-min-height elementor-hidden-desktop elementor-hidden-widescreen elementor-hidden-laptop elementor-hidden-tablet_extra elementor-section-stretched elementor-section-boxed elementor-section-height-default elementor-section-items-middle\" data-id=\"1d9d95c2\" data-element_type=\"section\" data-e-type=\"section\" data-settings=\"{&quot;background_background&quot;:&quot;classic&quot;,&quot;sticky&quot;:&quot;top&quot;,&quot;stretch_section&quot;:&quot;section-stretched&quot;,&quot;animation_mobile&quot;:&quot;fadeIn&quot;,&quot;sticky_on&quot;:[&quot;widescreen&quot;,&quot;desktop&quot;,&quot;laptop&quot;,&quot;tablet_extra&quot;,&quot;tablet&quot;,&quot;mobile_extra&quot;,&quot;mobile&quot;],&quot;sticky_offset&quot;:0,&quot;sticky_effects_offset&quot;:0,&quot;sticky_anchor_link_offset&quot;:0}\">\n\t\t\t\t\t\t<div class=\"elementor-container elementor-column-gap-default\">\n\t\t\t\t\t<div class=\"elementor-column elementor-col-25 elementor-top-column elementor-element elementor-element-3ea19883\" data-id=\"3ea19883\" data-element_type=\"column\" data-e-type=\"column\">\n\t\t\t<div class=\"elementor-widget-wrap elementor-element-populated\">\n\t\t\t\t\t\t<div class=\"elementor-element elementor-element-2ac8d893 elementor-nav-menu__align-center elementor-nav-menu--stretch elementor-nav-menu--dropdown-tablet_extra elementor-nav-menu__text-align-aside elementor-nav-menu--toggle elementor-nav-menu--burger elementor-widget elementor-widget-nav-menu\" data-id=\"2ac8d893\" data-element_type=\"widget\" data-e-type=\"widget\" data-settings=\"{&quot;full_width&quot;:&quot;stretch&quot;,&quot;submenu_icon&quot;:{&quot;value&quot;:&quot;&lt;i class=\\&quot;fas fa-angle-down\\&quot; aria-hidden=\\&quot;true\\&quot;&gt;&lt;\\\/i&gt;&quot;,&quot;library&quot;:&quot;fa-solid&quot;},&quot;_animation_mobile&quot;:&quot;fadeIn&quot;,&quot;toggle_icon_hover_animation&quot;:&quot;grow&quot;,&quot;layout&quot;:&quot;horizontal&quot;,&quot;toggle&quot;:&quot;burger&quot;}\" data-widget_type=\"nav-menu.default\">\n\t\t\t\t<div class=\"elementor-widget-container\">\n\t\t\t\t\t\t\t\t<nav aria-label=\"Men\u00fa\" class=\"elementor-nav-menu--main elementor-nav-menu__container elementor-nav-menu--layout-horizontal e--pointer-underline e--animation-grow\">\n\t\t\t\t<ul id=\"menu-1-2ac8d893\" class=\"elementor-nav-menu\"><li class=\"menu-item menu-item-type-post_type menu-item-object-page menu-item-791\"><a href=\"https:\/\/ldbentertainment.net\/?page_id=573\" class=\"elementor-item\">Inicio<\/a><\/li>\n<li class=\"menu-item menu-item-type-custom menu-item-object-custom menu-item-home menu-item-976\"><a href=\"https:\/\/ldbentertainment.net\/#contacto\" class=\"elementor-item elementor-item-anchor\">Contacto<\/a><\/li>\n<\/ul>\t\t\t<\/nav>\n\t\t\t\t\t<div class=\"elementor-menu-toggle\" role=\"button\" tabindex=\"0\" aria-label=\"Alternar men\u00fa\" aria-expanded=\"false\">\n\t\t\t<i aria-hidden=\"true\" role=\"presentation\" class=\"elementor-menu-toggle__icon--open elementor-animation-grow fas fa-equals\"><\/i><i aria-hidden=\"true\" role=\"presentation\" class=\"elementor-menu-toggle__icon--close elementor-animation-grow eicon-close\"><\/i>\t\t<\/div>\n\t\t\t\t\t<nav class=\"elementor-nav-menu--dropdown elementor-nav-menu__container\" aria-hidden=\"true\">\n\t\t\t\t<ul id=\"menu-2-2ac8d893\" class=\"elementor-nav-menu\"><li class=\"menu-item menu-item-type-post_type menu-item-object-page menu-item-791\"><a href=\"https:\/\/ldbentertainment.net\/?page_id=573\" class=\"elementor-item\" tabindex=\"-1\">Inicio<\/a><\/li>\n<li class=\"menu-item menu-item-type-custom menu-item-object-custom menu-item-home menu-item-976\"><a href=\"https:\/\/ldbentertainment.net\/#contacto\" class=\"elementor-item elementor-item-anchor\" tabindex=\"-1\">Contacto<\/a><\/li>\n<\/ul>\t\t\t<\/nav>\n\t\t\t\t\t\t<\/div>\n\t\t\t\t<\/div>\n\t\t\t\t\t<\/div>\n\t\t<\/div>\n\t\t\t\t<div class=\"elementor-column elementor-col-50 elementor-top-column elementor-element elementor-element-400563a4\" data-id=\"400563a4\" data-element_type=\"column\" data-e-type=\"column\">\n\t\t\t<div class=\"elementor-widget-wrap elementor-element-populated\">\n\t\t\t\t\t\t<div class=\"elementor-element elementor-element-7169db65 elementor-widget elementor-widget-image\" data-id=\"7169db65\" data-element_type=\"widget\" data-e-type=\"widget\" data-settings=\"{&quot;_animation_mobile&quot;:&quot;fadeIn&quot;}\" data-widget_type=\"image.default\">\n\t\t\t\t<div class=\"elementor-widget-container\">\n\t\t\t\t\t\t\t\t\t\t\t\t\t\t\t\t<a href=\"https:\/\/ldbentertainment.net\/\">\n\t\t\t\t\t\t\t<img decoding=\"async\" width=\"150\" height=\"150\" src=\"https:\/\/ldbentertainment.net\/wp-content\/uploads\/2023\/08\/E3DA1E74-CAF5-48BF-969C-8846218168C2-150x150.png\" class=\"attachment-thumbnail size-thumbnail wp-image-1605\" alt=\"\" srcset=\"https:\/\/ldbentertainment.net\/wp-content\/uploads\/2023\/08\/E3DA1E74-CAF5-48BF-969C-8846218168C2-150x150.png 150w, https:\/\/ldbentertainment.net\/wp-content\/uploads\/2023\/08\/E3DA1E74-CAF5-48BF-969C-8846218168C2-300x300.png 300w, https:\/\/ldbentertainment.net\/wp-content\/uploads\/2023\/08\/E3DA1E74-CAF5-48BF-969C-8846218168C2-1024x1024.png 1024w, https:\/\/ldbentertainment.net\/wp-content\/uploads\/2023\/08\/E3DA1E74-CAF5-48BF-969C-8846218168C2-768x768.png 768w, https:\/\/ldbentertainment.net\/wp-content\/uploads\/2023\/08\/E3DA1E74-CAF5-48BF-969C-8846218168C2-1536x1536.png 1536w, https:\/\/ldbentertainment.net\/wp-content\/uploads\/2023\/08\/E3DA1E74-CAF5-48BF-969C-8846218168C2-2048x2048.png 2048w, https:\/\/ldbentertainment.net\/wp-content\/uploads\/2023\/08\/E3DA1E74-CAF5-48BF-969C-8846218168C2-600x600.png 600w, https:\/\/ldbentertainment.net\/wp-content\/uploads\/2023\/08\/E3DA1E74-CAF5-48BF-969C-8846218168C2-100x100.png 100w, https:\/\/ldbentertainment.net\/wp-content\/uploads\/2023\/08\/E3DA1E74-CAF5-48BF-969C-8846218168C2-64x64.png 64w\" sizes=\"(max-width: 150px) 100vw, 150px\" \/>\t\t\t\t\t\t\t\t<\/a>\n\t\t\t\t\t\t\t\t\t\t\t\t\t\t\t<\/div>\n\t\t\t\t<\/div>\n\t\t\t\t\t<\/div>\n\t\t<\/div>\n\t\t\t\t<div class=\"elementor-column elementor-col-25 elementor-top-column elementor-element elementor-element-619babb9\" data-id=\"619babb9\" data-element_type=\"column\" data-e-type=\"column\">\n\t\t\t<div class=\"elementor-widget-wrap\">\n\t\t\t\t\t\t\t<\/div>\n\t\t<\/div>\n\t\t\t\t\t<\/div>\n\t\t<\/section>\n\t\t\t\t<header class=\"elementor-section elementor-top-section elementor-element elementor-element-16e54be4 elementor-section-height-min-height elementor-hidden-mobile elementor-hidden-tablet elementor-hidden-mobile_extra elementor-section-boxed elementor-section-height-default elementor-section-items-middle\" data-id=\"16e54be4\" data-element_type=\"section\" data-e-type=\"section\" data-settings=\"{&quot;background_background&quot;:&quot;classic&quot;,&quot;sticky&quot;:&quot;top&quot;,&quot;animation_laptop&quot;:&quot;fadeIn&quot;,&quot;sticky_on&quot;:[&quot;widescreen&quot;,&quot;desktop&quot;,&quot;laptop&quot;,&quot;tablet_extra&quot;,&quot;tablet&quot;,&quot;mobile_extra&quot;,&quot;mobile&quot;],&quot;sticky_offset&quot;:0,&quot;sticky_effects_offset&quot;:0,&quot;sticky_anchor_link_offset&quot;:0}\">\n\t\t\t\t\t\t<div class=\"elementor-container elementor-column-gap-default\">\n\t\t\t\t\t<div class=\"elementor-column elementor-col-25 elementor-top-column elementor-element elementor-element-56cb4512 elementor-hidden-mobile\" data-id=\"56cb4512\" data-element_type=\"column\" data-e-type=\"column\">\n\t\t\t<div class=\"elementor-widget-wrap elementor-element-populated\">\n\t\t\t\t\t\t<div class=\"elementor-element elementor-element-472990c2 elementor-widget elementor-widget-image\" data-id=\"472990c2\" data-element_type=\"widget\" data-e-type=\"widget\" data-widget_type=\"image.default\">\n\t\t\t\t<div class=\"elementor-widget-container\">\n\t\t\t\t\t\t\t\t\t\t\t\t\t\t\t\t<a href=\"https:\/\/ldbentertainment.net\/\">\n\t\t\t\t\t\t\t<img decoding=\"async\" width=\"150\" height=\"150\" src=\"https:\/\/ldbentertainment.net\/wp-content\/uploads\/2023\/08\/E3DA1E74-CAF5-48BF-969C-8846218168C2-150x150.png\" class=\"attachment-thumbnail size-thumbnail wp-image-1605\" alt=\"\" srcset=\"https:\/\/ldbentertainment.net\/wp-content\/uploads\/2023\/08\/E3DA1E74-CAF5-48BF-969C-8846218168C2-150x150.png 150w, https:\/\/ldbentertainment.net\/wp-content\/uploads\/2023\/08\/E3DA1E74-CAF5-48BF-969C-8846218168C2-300x300.png 300w, https:\/\/ldbentertainment.net\/wp-content\/uploads\/2023\/08\/E3DA1E74-CAF5-48BF-969C-8846218168C2-1024x1024.png 1024w, https:\/\/ldbentertainment.net\/wp-content\/uploads\/2023\/08\/E3DA1E74-CAF5-48BF-969C-8846218168C2-768x768.png 768w, https:\/\/ldbentertainment.net\/wp-content\/uploads\/2023\/08\/E3DA1E74-CAF5-48BF-969C-8846218168C2-1536x1536.png 1536w, https:\/\/ldbentertainment.net\/wp-content\/uploads\/2023\/08\/E3DA1E74-CAF5-48BF-969C-8846218168C2-2048x2048.png 2048w, https:\/\/ldbentertainment.net\/wp-content\/uploads\/2023\/08\/E3DA1E74-CAF5-48BF-969C-8846218168C2-600x600.png 600w, https:\/\/ldbentertainment.net\/wp-content\/uploads\/2023\/08\/E3DA1E74-CAF5-48BF-969C-8846218168C2-100x100.png 100w, https:\/\/ldbentertainment.net\/wp-content\/uploads\/2023\/08\/E3DA1E74-CAF5-48BF-969C-8846218168C2-64x64.png 64w\" sizes=\"(max-width: 150px) 100vw, 150px\" \/>\t\t\t\t\t\t\t\t<\/a>\n\t\t\t\t\t\t\t\t\t\t\t\t\t\t\t<\/div>\n\t\t\t\t<\/div>\n\t\t\t\t\t<\/div>\n\t\t<\/div>\n\t\t\t\t<div class=\"elementor-column elementor-col-50 elementor-top-column elementor-element elementor-element-bd4b93c\" data-id=\"bd4b93c\" data-element_type=\"column\" data-e-type=\"column\">\n\t\t\t<div class=\"elementor-widget-wrap elementor-element-populated\">\n\t\t\t\t\t\t<div class=\"elementor-element elementor-element-66ada939 elementor-nav-menu__align-center elementor-nav-menu--dropdown-none elementor-widget elementor-widget-nav-menu\" data-id=\"66ada939\" data-element_type=\"widget\" data-e-type=\"widget\" data-settings=\"{&quot;submenu_icon&quot;:{&quot;value&quot;:&quot;&lt;i class=\\&quot;fas fa-angle-down\\&quot; aria-hidden=\\&quot;true\\&quot;&gt;&lt;\\\/i&gt;&quot;,&quot;library&quot;:&quot;fa-solid&quot;},&quot;layout&quot;:&quot;horizontal&quot;}\" data-widget_type=\"nav-menu.default\">\n\t\t\t\t<div class=\"elementor-widget-container\">\n\t\t\t\t\t\t\t\t<nav aria-label=\"Men\u00fa\" class=\"elementor-nav-menu--main elementor-nav-menu__container elementor-nav-menu--layout-horizontal e--pointer-underline e--animation-fade\">\n\t\t\t\t<ul id=\"menu-1-66ada939\" class=\"elementor-nav-menu\"><li class=\"menu-item menu-item-type-post_type menu-item-object-page menu-item-791\"><a href=\"https:\/\/ldbentertainment.net\/?page_id=573\" class=\"elementor-item\">Inicio<\/a><\/li>\n<li class=\"menu-item menu-item-type-custom menu-item-object-custom menu-item-home menu-item-976\"><a href=\"https:\/\/ldbentertainment.net\/#contacto\" class=\"elementor-item elementor-item-anchor\">Contacto<\/a><\/li>\n<\/ul>\t\t\t<\/nav>\n\t\t\t\t\t\t<nav class=\"elementor-nav-menu--dropdown elementor-nav-menu__container\" aria-hidden=\"true\">\n\t\t\t\t<ul id=\"menu-2-66ada939\" class=\"elementor-nav-menu\"><li class=\"menu-item menu-item-type-post_type menu-item-object-page menu-item-791\"><a href=\"https:\/\/ldbentertainment.net\/?page_id=573\" class=\"elementor-item\" tabindex=\"-1\">Inicio<\/a><\/li>\n<li class=\"menu-item menu-item-type-custom menu-item-object-custom menu-item-home menu-item-976\"><a href=\"https:\/\/ldbentertainment.net\/#contacto\" class=\"elementor-item elementor-item-anchor\" tabindex=\"-1\">Contacto<\/a><\/li>\n<\/ul>\t\t\t<\/nav>\n\t\t\t\t\t\t<\/div>\n\t\t\t\t<\/div>\n\t\t\t\t\t<\/div>\n\t\t<\/div>\n\t\t\t\t<div class=\"elementor-column elementor-col-25 elementor-top-column elementor-element elementor-element-72c797d6\" data-id=\"72c797d6\" data-element_type=\"column\" data-e-type=\"column\">\n\t\t\t<div class=\"elementor-widget-wrap\">\n\t\t\t\t\t\t\t<\/div>\n\t\t<\/div>\n\t\t\t\t\t<\/div>\n\t\t<\/header>\n\t\t\t\t<section class=\"elementor-section elementor-top-section elementor-element elementor-element-7c0405c elementor-section-boxed elementor-section-height-default elementor-section-height-default\" data-id=\"7c0405c\" data-element_type=\"section\" data-e-type=\"section\">\n\t\t\t\t\t\t<div class=\"elementor-container elementor-column-gap-default\">\n\t\t\t\t\t<div class=\"elementor-column elementor-col-100 elementor-top-column elementor-element elementor-element-95b5480\" data-id=\"95b5480\" data-element_type=\"column\" data-e-type=\"column\">\n\t\t\t<div class=\"elementor-widget-wrap elementor-element-populated\">\n\t\t\t\t\t\t<div class=\"elementor-element elementor-element-8ab466e elementor-widget elementor-widget-heading\" data-id=\"8ab466e\" data-element_type=\"widget\" data-e-type=\"widget\" data-widget_type=\"heading.default\">\n\t\t\t\t<div class=\"elementor-widget-container\">\n\t\t\t\t\t<h2 class=\"elementor-heading-title elementor-size-default\">Polit\u00edca de Privacidad<\/h2>\t\t\t\t<\/div>\n\t\t\t\t<\/div>\n\t\t\t\t\t<\/div>\n\t\t<\/div>\n\t\t\t\t\t<\/div>\n\t\t<\/section>\n\t\t\t\t<section class=\"elementor-section elementor-top-section elementor-element elementor-element-2e91373 elementor-section-boxed elementor-section-height-default elementor-section-height-default\" data-id=\"2e91373\" data-element_type=\"section\" data-e-type=\"section\">\n\t\t\t\t\t\t<div class=\"elementor-container elementor-column-gap-default\">\n\t\t\t\t\t<div class=\"elementor-column elementor-col-100 elementor-top-column elementor-element elementor-element-23fdf90\" data-id=\"23fdf90\" data-element_type=\"column\" data-e-type=\"column\">\n\t\t\t<div class=\"elementor-widget-wrap elementor-element-populated\">\n\t\t\t\t\t\t<div class=\"elementor-element elementor-element-65b129c elementor-widget elementor-widget-text-editor\" data-id=\"65b129c\" data-element_type=\"widget\" data-e-type=\"widget\" data-widget_type=\"text-editor.default\">\n\t\t\t\t<div class=\"elementor-widget-container\">\n\t\t\t\t\t\t\t\t\t<p>En Latin Diamond Boyz Entertainment estamos comprometidos para proteger la privacidad y seguridad de la informaci\u00f3n personal de nuestros clientes esta pol\u00edtica de privacidad describe c\u00f3mo recopilamos, usamos y salvaguardamos su informaci\u00f3n a trav\u00e9s de nuestra p\u00e1gina web.<\/p>\t\t\t\t\t\t\t\t<\/div>\n\t\t\t\t<\/div>\n\t\t\t\t\t<\/div>\n\t\t<\/div>\n\t\t\t\t\t<\/div>\n\t\t<\/section>\n\t\t\t\t<section class=\"elementor-section elementor-top-section elementor-element elementor-element-9836bce elementor-section-boxed elementor-section-height-default elementor-section-height-default\" data-id=\"9836bce\" data-element_type=\"section\" data-e-type=\"section\">\n\t\t\t\t\t\t<div class=\"elementor-container elementor-column-gap-default\">\n\t\t\t\t\t<div class=\"elementor-column elementor-col-100 elementor-top-column elementor-element elementor-element-d943216\" data-id=\"d943216\" data-element_type=\"column\" data-e-type=\"column\">\n\t\t\t<div class=\"elementor-widget-wrap elementor-element-populated\">\n\t\t\t\t\t\t<div class=\"elementor-element elementor-element-6706c64 elementor-widget elementor-widget-heading\" data-id=\"6706c64\" data-element_type=\"widget\" data-e-type=\"widget\" data-widget_type=\"heading.default\">\n\t\t\t\t<div class=\"elementor-widget-container\">\n\t\t\t\t\t<h2 class=\"elementor-heading-title elementor-size-default\">Recopilaci\u00f3n de Datos<\/h2>\t\t\t\t<\/div>\n\t\t\t\t<\/div>\n\t\t\t\t\t<\/div>\n\t\t<\/div>\n\t\t\t\t\t<\/div>\n\t\t<\/section>\n\t\t\t\t<section class=\"elementor-section elementor-top-section elementor-element elementor-element-870cd4f elementor-section-boxed elementor-section-height-default elementor-section-height-default\" data-id=\"870cd4f\" data-element_type=\"section\" data-e-type=\"section\">\n\t\t\t\t\t\t<div class=\"elementor-container elementor-column-gap-default\">\n\t\t\t\t\t<div class=\"elementor-column elementor-col-100 elementor-top-column elementor-element elementor-element-491062d\" data-id=\"491062d\" data-element_type=\"column\" data-e-type=\"column\">\n\t\t\t<div class=\"elementor-widget-wrap elementor-element-populated\">\n\t\t\t\t\t\t<div class=\"elementor-element elementor-element-ffd0ce6 elementor-widget elementor-widget-text-editor\" data-id=\"ffd0ce6\" data-element_type=\"widget\" data-e-type=\"widget\" data-widget_type=\"text-editor.default\">\n\t\t\t\t<div class=\"elementor-widget-container\">\n\t\t\t\t\t\t\t\t\t<p><span style=\"font-weight: 400;\">Nuestro compromiso con la privacidad y seguridad de los datos de nuestros clientes es primordial. Latin Diamond Boyz Entertainment recopila informaci\u00f3n personal de manera limitada y solo cuando sea necesario para la prestaci\u00f3n de nuestros servicios. Los tipos de datos que podemos recopilar incluyen, pero no se limitan a:<\/span><\/p><ul><li><span style=\"font-weight: 400;\">Informaci\u00f3n de contacto (nombre, direcci\u00f3n de correo electr\u00f3nico, n\u00famero de tel\u00e9fono).<\/span><\/li><li><span style=\"font-weight: 400;\">Detalles de facturaci\u00f3n y pagos.<\/span><\/li><li><span style=\"font-weight: 400;\">Datos demogr\u00e1ficos y preferencias comunicadas voluntariamente.<\/span><\/li><\/ul><p><span style=\"font-weight: 400;\">La recolecci\u00f3n de datos puede ocurrir a trav\u00e9s de formularios en l\u00ednea, interacciones por correo electr\u00f3nico o mediante acuerdos contractuales.<\/span><\/p>\t\t\t\t\t\t\t\t<\/div>\n\t\t\t\t<\/div>\n\t\t\t\t<div class=\"elementor-element elementor-element-57afc4c elementor-widget elementor-widget-heading\" data-id=\"57afc4c\" data-element_type=\"widget\" data-e-type=\"widget\" data-widget_type=\"heading.default\">\n\t\t\t\t<div class=\"elementor-widget-container\">\n\t\t\t\t\t<h2 class=\"elementor-heading-title elementor-size-default\">Uso de Datos<\/h2>\t\t\t\t<\/div>\n\t\t\t\t<\/div>\n\t\t\t\t<div class=\"elementor-element elementor-element-a80f3be elementor-widget elementor-widget-text-editor\" data-id=\"a80f3be\" data-element_type=\"widget\" data-e-type=\"widget\" data-widget_type=\"text-editor.default\">\n\t\t\t\t<div class=\"elementor-widget-container\">\n\t\t\t\t\t\t\t\t\t<p><span style=\"font-weight: 400;\">Los datos recopilados se utilizan exclusivamente para los fines para los que se han proporcionado, como la entrega de servicios audiovisuales, comunicaciones comerciales, facturaci\u00f3n y soporte al cliente. Latin Diamond Boyz no vende ni comparte informaci\u00f3n personal con terceros para fines publicitarios sin el consentimiento expl\u00edcito de los usuarios.<\/span><\/p>\t\t\t\t\t\t\t\t<\/div>\n\t\t\t\t<\/div>\n\t\t\t\t<div class=\"elementor-element elementor-element-f581ca1 elementor-widget elementor-widget-heading\" data-id=\"f581ca1\" data-element_type=\"widget\" data-e-type=\"widget\" data-widget_type=\"heading.default\">\n\t\t\t\t<div class=\"elementor-widget-container\">\n\t\t\t\t\t<h2 class=\"elementor-heading-title elementor-size-default\">Cookies y Tecnolog\u00edas Similares<\/h2>\t\t\t\t<\/div>\n\t\t\t\t<\/div>\n\t\t\t\t<div class=\"elementor-element elementor-element-65f5303 elementor-widget elementor-widget-text-editor\" data-id=\"65f5303\" data-element_type=\"widget\" data-e-type=\"widget\" data-widget_type=\"text-editor.default\">\n\t\t\t\t<div class=\"elementor-widget-container\">\n\t\t\t\t\t\t\t\t\t<p><span style=\"font-weight: 400;\">Nuestro sitio web puede utilizar cookies y tecnolog\u00edas similares para mejorar la experiencia del usuario, personalizar el contenido y analizar el tr\u00e1fico del sitio. Estas tecnolog\u00edas pueden recopilar cierta informaci\u00f3n autom\u00e1ticamente, como direcciones IP, tipo de navegador, sistema operativo y p\u00e1ginas visitadas. Los usuarios pueden gestionar las preferencias de cookies a trav\u00e9s de la configuraci\u00f3n de su navegador.<\/span><\/p>\t\t\t\t\t\t\t\t<\/div>\n\t\t\t\t<\/div>\n\t\t\t\t<div class=\"elementor-element elementor-element-16d78e2 elementor-widget elementor-widget-heading\" data-id=\"16d78e2\" data-element_type=\"widget\" data-e-type=\"widget\" data-widget_type=\"heading.default\">\n\t\t\t\t<div class=\"elementor-widget-container\">\n\t\t\t\t\t<h2 class=\"elementor-heading-title elementor-size-default\">Intercambio de Datos con Terceros<\/h2>\t\t\t\t<\/div>\n\t\t\t\t<\/div>\n\t\t\t\t<div class=\"elementor-element elementor-element-b77eba7 elementor-widget elementor-widget-text-editor\" data-id=\"b77eba7\" data-element_type=\"widget\" data-e-type=\"widget\" data-widget_type=\"text-editor.default\">\n\t\t\t\t<div class=\"elementor-widget-container\">\n\t\t\t\t\t\t\t\t\t<p><span style=\"font-weight: 400;\">En algunas circunstancias, Latin Diamond Boyz puede compartir datos con proveedores de servicios de confianza que nos ayudan en la prestaci\u00f3n de nuestros servicios (por ejemplo, proveedores de alojamiento web, plataformas de pago). Nos aseguramos de que estos terceros cumplan con est\u00e1ndares de seguridad y protecci\u00f3n de datos adecuados.<\/span><\/p>\t\t\t\t\t\t\t\t<\/div>\n\t\t\t\t<\/div>\n\t\t\t\t<div class=\"elementor-element elementor-element-3d8530d elementor-widget elementor-widget-heading\" data-id=\"3d8530d\" data-element_type=\"widget\" data-e-type=\"widget\" data-widget_type=\"heading.default\">\n\t\t\t\t<div class=\"elementor-widget-container\">\n\t\t\t\t\t<h2 class=\"elementor-heading-title elementor-size-default\">Consentimiento del Usuario y Derechos de Datos<\/h2>\t\t\t\t<\/div>\n\t\t\t\t<\/div>\n\t\t\t\t<div class=\"elementor-element elementor-element-1fbcdc0 elementor-widget elementor-widget-text-editor\" data-id=\"1fbcdc0\" data-element_type=\"widget\" data-e-type=\"widget\" data-widget_type=\"text-editor.default\">\n\t\t\t\t<div class=\"elementor-widget-container\">\n\t\t\t\t\t\t\t\t\t<p><span style=\"font-weight: 400;\">Respetamos el derecho de los usuarios a controlar sus datos personales. Se solicitar\u00e1 el consentimiento expl\u00edcito antes de recopilar datos personales, y los usuarios pueden optar por no proporcionar cierta informaci\u00f3n. Adem\u00e1s:<\/span><\/p><ul><li style=\"font-weight: 400;\" aria-level=\"1\"><span style=\"font-weight: 400;\">Los usuarios pueden solicitar acceso, correcci\u00f3n o eliminaci\u00f3n de sus datos personales.<\/span><\/li><li style=\"font-weight: 400;\" aria-level=\"1\"><span style=\"font-weight: 400;\">Tienen el derecho de revocar el consentimiento otorgado previamente para el uso de sus datos.<\/span><\/li><\/ul><p><span style=\"font-weight: 400;\">Para ejercer estos derechos o para consultas relacionadas con la privacidad de datos, los usuarios pueden ponerse en contacto con nuestro equipo de privacidad a trav\u00e9s de los canales de contacto proporcionados en nuestra p\u00e1gina web.<\/span><\/p>\t\t\t\t\t\t\t\t<\/div>\n\t\t\t\t<\/div>\n\t\t\t\t\t<\/div>\n\t\t<\/div>\n\t\t\t\t\t<\/div>\n\t\t<\/section>\n\t\t\t\t<\/div>\n\t\t","protected":false},"excerpt":{"rendered":"<p>Polit\u00edca de Privacidad En Latin Diamond Boyz Entertainment estamos comprometidos para proteger la privacidad y seguridad de la informaci\u00f3n personal de nuestros clientes esta pol\u00edtica de privacidad describe c\u00f3mo recopilamos, usamos y salvaguardamos su informaci\u00f3n a trav\u00e9s de nuestra p\u00e1gina web. Recopilaci\u00f3n de Datos Nuestro compromiso con la privacidad y seguridad de los datos de [&hellip;]<\/p>\n","protected":false},"author":1,"featured_media":0,"parent":0,"menu_order":0,"comment_status":"closed","ping_status":"closed","template":"","meta":{"om_disable_all_campaigns":false,"_mi_skip_tracking":false,"_monsterinsights_sitenote_active":false,"_monsterinsights_sitenote_note":"","_monsterinsights_sitenote_category":0,"footnotes":""},"class_list":["post-2457","page","type-page","status-publish","hentry"],"aioseo_notices":[],"_links":{"self":[{"href":"https:\/\/ldbentertainment.net\/index.php\/wp-json\/wp\/v2\/pages\/2457"}],"collection":[{"href":"https:\/\/ldbentertainment.net\/index.php\/wp-json\/wp\/v2\/pages"}],"about":[{"href":"https:\/\/ldbentertainment.net\/index.php\/wp-json\/wp\/v2\/types\/page"}],"author":[{"embeddable":true,"href":"https:\/\/ldbentertainment.net\/index.php\/wp-json\/wp\/v2\/users\/1"}],"replies":[{"embeddable":true,"href":"https:\/\/ldbentertainment.net\/index.php\/wp-json\/wp\/v2\/comments?post=2457"}],"version-history":[{"count":40,"href":"https:\/\/ldbentertainment.net\/index.php\/wp-json\/wp\/v2\/pages\/2457\/revisions"}],"predecessor-version":[{"id":2713,"href":"https:\/\/ldbentertainment.net\/index.php\/wp-json\/wp\/v2\/pages\/2457\/revisions\/2713"}],"wp:attachment":[{"href":"https:\/\/ldbentertainment.net\/index.php\/wp-json\/wp\/v2\/media?parent=2457"}],"curies":[{"name":"wp","href":"https:\/\/api.w.org\/{rel}","templated":true}]}}